{"id":1581,"date":"2019-01-10T01:25:15","date_gmt":"2019-01-09T22:25:15","guid":{"rendered":"http:\/\/localhost\/wordpress\/munfarid\/?page_id=1581"},"modified":"2023-08-15T15:52:41","modified_gmt":"2023-08-15T12:52:41","slug":"blog","status":"publish","type":"page","link":"https:\/\/kosherturkiye.com.tr\/blog\/","title":{"rendered":"Blog Yaz\u0131lar\u0131m\u0131z"},"content":{"rendered":"<div class=\"energetic-core-parts-posts container  alignwide\" style=\"margin-bottom:80px;\"><div class=\"row blog-post is-grid stander-post-style\"><div class=\"col-lg-4\"><article id=\"post-2267\" class=\"clearfix post-2267 post type-post status-publish format-standard has-post-thumbnail hentry category-kosher-sertifikasi tag-koser-sertifikasi tag-kosher-sertifikasi-nasil-alinir tag-kosher-sertifikasi-nedir\"><div class=\"entry-media\"><a href=\"https:\/\/kosherturkiye.com.tr\/blog\/kosher-sertifikasi-nedir\/\" rel=\"bookmark\"><img loading=\"lazy\" decoding=\"async\" width=\"1000\" height=\"666\" src=\"https:\/\/kosherturkiye.com.tr\/blog\/wp-content\/uploads\/2023\/10\/kosher-sertifikasi.jpg\" class=\"attachment- size- wp-post-image\" alt=\"Kosher Sertifikas\u0131\" srcset=\"https:\/\/kosherturkiye.com.tr\/blog\/wp-content\/uploads\/2023\/10\/kosher-sertifikasi.jpg 1000w, https:\/\/kosherturkiye.com.tr\/blog\/wp-content\/uploads\/2023\/10\/kosher-sertifikasi-300x200.jpg 300w, https:\/\/kosherturkiye.com.tr\/blog\/wp-content\/uploads\/2023\/10\/kosher-sertifikasi-768x511.jpg 768w, https:\/\/kosherturkiye.com.tr\/blog\/wp-content\/uploads\/2023\/10\/kosher-sertifikasi-600x400.jpg 600w\" sizes=\"auto, (max-width: 1000px) 100vw, 1000px\" \/><\/a><\/div><div class=\"entry-content-wrapper\"><div class=\"entry-meta-top\"><span class=\"entry-meta-data\">18 Ekim 2023<\/span><span class=\"entry-meta-category\"><a href=\"https:\/\/kosherturkiye.com.tr\/blog\/kategori\/kosher-sertifikasi\/\" rel=\"category tag\">Kosher Sertifikas\u0131<\/a><\/span><\/div><h4 class=\"entry-title\"><a href=\"https:\/\/kosherturkiye.com.tr\/blog\/kosher-sertifikasi-nedir\/\">Kosher Sertifikas\u0131 Nedir?<\/a><\/h4><div class=\"entry-excerpt\"><p>Kosher Sertifikas\u0131 Nas\u0131l Al\u0131n\u0131r? G\u0131da ve i\u00e7ecek end\u00fcstrisinde kosher sertifikas\u0131, belirli dini kriterlere&hellip;<\/p>\n<\/div><\/div><\/article><\/div><div class=\"col-lg-4\"><article id=\"post-2241\" class=\"clearfix post-2241 post type-post status-publish format-standard has-post-thumbnail hentry category-kosher-belgesi tag-koser-belgesi tag-koser-belgesi-nedir tag-kosher-belgesi tag-kosher-belgesi-nedir\"><div class=\"entry-media\"><a href=\"https:\/\/kosherturkiye.com.tr\/blog\/kosher-belgesi-nedir\/\" rel=\"bookmark\"><img loading=\"lazy\" decoding=\"async\" width=\"1000\" height=\"666\" src=\"https:\/\/kosherturkiye.com.tr\/blog\/wp-content\/uploads\/2023\/08\/Kosher-Belgesi-Nedir.jpg\" class=\"attachment- size- wp-post-image\" alt=\"Kosher Belgesi Nedir?\" srcset=\"https:\/\/kosherturkiye.com.tr\/blog\/wp-content\/uploads\/2023\/08\/Kosher-Belgesi-Nedir.jpg 1000w, https:\/\/kosherturkiye.com.tr\/blog\/wp-content\/uploads\/2023\/08\/Kosher-Belgesi-Nedir-300x200.jpg 300w, https:\/\/kosherturkiye.com.tr\/blog\/wp-content\/uploads\/2023\/08\/Kosher-Belgesi-Nedir-768x511.jpg 768w, https:\/\/kosherturkiye.com.tr\/blog\/wp-content\/uploads\/2023\/08\/Kosher-Belgesi-Nedir-600x400.jpg 600w\" sizes=\"auto, (max-width: 1000px) 100vw, 1000px\" \/><\/a><\/div><div class=\"entry-content-wrapper\"><div class=\"entry-meta-top\"><span class=\"entry-meta-data\">16 A\u011fustos 2023<\/span><span class=\"entry-meta-category\"><a href=\"https:\/\/kosherturkiye.com.tr\/blog\/kategori\/kosher-belgesi\/\" rel=\"category tag\">Kosher Belgesi<\/a><\/span><\/div><h4 class=\"entry-title\"><a href=\"https:\/\/kosherturkiye.com.tr\/blog\/kosher-belgesi-nedir\/\">Kosher Belgesi Nedir?<\/a><\/h4><div class=\"entry-excerpt\"><p>G\u0131da end\u00fcstrisinde farkl\u0131 k\u00fclt\u00fcrel ve dini gerekliliklere uygun \u00fcr\u00fcnlerin \u00fcretimi ve t\u00fcketimi giderek&hellip;<\/p>\n<\/div><\/div><\/article><\/div><div class=\"col-lg-4\"><article id=\"post-2235\" class=\"clearfix post-2235 post type-post status-publish format-standard has-post-thumbnail hentry category-kosher-sertifikasi tag-kosher-belgesi tag-kosher-sertifika-basvurusu tag-kosher-sertifikasi tag-kosher-sertifikasi-nasil-alinir-koser-sertifikasi\"><div class=\"entry-media\"><a href=\"https:\/\/kosherturkiye.com.tr\/blog\/kosher-sertifikasi-nasil-alinir-surec-ve-adimlar\/\" rel=\"bookmark\"><img loading=\"lazy\" decoding=\"async\" width=\"1017\" height=\"733\" src=\"https:\/\/kosherturkiye.com.tr\/blog\/wp-content\/uploads\/2023\/08\/Kosher-Sertifikasi-Nasil-Alinir-Surec-ve-Adimlar-Large-e1692106901906.jpeg\" class=\"attachment- size- wp-post-image\" alt=\"Kosher Sertifikas\u0131 Nas\u0131l Al\u0131n\u0131r: S\u00fcre\u00e7 ve Ad\u0131mlar\" srcset=\"https:\/\/kosherturkiye.com.tr\/blog\/wp-content\/uploads\/2023\/08\/Kosher-Sertifikasi-Nasil-Alinir-Surec-ve-Adimlar-Large-e1692106901906.jpeg 1017w, https:\/\/kosherturkiye.com.tr\/blog\/wp-content\/uploads\/2023\/08\/Kosher-Sertifikasi-Nasil-Alinir-Surec-ve-Adimlar-Large-e1692106901906-300x216.jpeg 300w, https:\/\/kosherturkiye.com.tr\/blog\/wp-content\/uploads\/2023\/08\/Kosher-Sertifikasi-Nasil-Alinir-Surec-ve-Adimlar-Large-e1692106901906-768x554.jpeg 768w\" sizes=\"auto, (max-width: 1017px) 100vw, 1017px\" \/><\/a><\/div><div class=\"entry-content-wrapper\"><div class=\"entry-meta-top\"><span class=\"entry-meta-data\">15 A\u011fustos 2023<\/span><span class=\"entry-meta-category\"><a href=\"https:\/\/kosherturkiye.com.tr\/blog\/kategori\/kosher-sertifikasi\/\" rel=\"category tag\">Kosher Sertifikas\u0131<\/a><\/span><\/div><h4 class=\"entry-title\"><a href=\"https:\/\/kosherturkiye.com.tr\/blog\/kosher-sertifikasi-nasil-alinir-surec-ve-adimlar\/\">Kosher Sertifikas\u0131 Nas\u0131l Al\u0131n\u0131r: S\u00fcre\u00e7 ve Ad\u0131mlar<\/a><\/h4><div class=\"entry-excerpt\"><p>G\u0131da \u00fcreticileri ve tedarik\u00e7ileri i\u00e7in, \u00fcr\u00fcnlerinin belirli dini gerekliliklere uygun oldu\u011funu kan\u0131tlamak ve&hellip;<\/p>\n<\/div><\/div><\/article><\/div><\/div><\/div>","protected":false},"excerpt":{"rendered":"","protected":false},"author":1,"featured_media":0,"parent":0,"menu_order":0,"comment_status":"closed","ping_status":"closed","template":"","meta":{"footnotes":""},"class_list":["post-1581","page","type-page","status-publish","hentry"],"_links":{"self":[{"href":"https:\/\/kosherturkiye.com.tr\/blog\/wp-json\/wp\/v2\/pages\/1581","targetHints":{"allow":["GET"]}}],"collection":[{"href":"https:\/\/kosherturkiye.com.tr\/blog\/wp-json\/wp\/v2\/pages"}],"about":[{"href":"https:\/\/kosherturkiye.com.tr\/blog\/wp-json\/wp\/v2\/types\/page"}],"author":[{"embeddable":true,"href":"https:\/\/kosherturkiye.com.tr\/blog\/wp-json\/wp\/v2\/users\/1"}],"replies":[{"embeddable":true,"href":"https:\/\/kosherturkiye.com.tr\/blog\/wp-json\/wp\/v2\/comments?post=1581"}],"version-history":[{"count":1,"href":"https:\/\/kosherturkiye.com.tr\/blog\/wp-json\/wp\/v2\/pages\/1581\/revisions"}],"predecessor-version":[{"id":2224,"href":"https:\/\/kosherturkiye.com.tr\/blog\/wp-json\/wp\/v2\/pages\/1581\/revisions\/2224"}],"wp:attachment":[{"href":"https:\/\/kosherturkiye.com.tr\/blog\/wp-json\/wp\/v2\/media?parent=1581"}],"curies":[{"name":"wp","href":"https:\/\/api.w.org\/{rel}","templated":true}]}}